{"id":33,"date":"2026-03-16T21:35:19","date_gmt":"2026-03-16T20:35:19","guid":{"rendered":"https:\/\/wszystkozestali.pl\/?page_id=33"},"modified":"2026-03-16T21:36:32","modified_gmt":"2026-03-16T20:36:32","slug":"kontakt","status":"publish","type":"page","link":"https:\/\/wszystkozestali.pl\/index.php\/kontakt\/","title":{"rendered":"Kontakt"},"content":{"rendered":"\n<div class=\"wp-block-stackable-columns alignfull stk-block-columns stk-block stk-2c3738f stk-block-background stk--has-background-overlay\" data-block-id=\"2c3738f\"><style>.stk-2c3738f {background-color:#000000 !important;background-image:url(http:\/\/wszystkozestali.pl\/wp-content\/uploads\/2026\/03\/x1_4_XMGFcq9aR3w7awh5-generated_image.jpg) !important;min-height:30vh !important;align-items:center !important;display:flex !important;}.stk-2c3738f:before{background-color:#000000 !important;opacity:0.5 !important;}<\/style><div class=\"stk-row stk-inner-blocks stk-block-content stk-content-align stk-2c3738f-column alignfull\">\n<div class=\"wp-block-stackable-column stk-block-column stk-column stk-block stk-c0b9321\" data-v=\"4\" data-block-id=\"c0b9321\"><div class=\"stk-column-wrapper stk-block-column__content stk-container stk-c0b9321-container stk--no-background stk--no-padding\"><div class=\"stk-block-content stk-inner-blocks stk-c0b9321-inner-blocks\">\n<div class=\"wp-block-stackable-columns alignwide stk-block-columns stk-block stk-2d6b70f\" data-block-id=\"2d6b70f\"><div class=\"stk-row stk-inner-blocks stk-block-content stk-content-align stk-2d6b70f-column alignwide\">\n<div class=\"wp-block-stackable-column stk-block-column stk-column stk-block stk-c7be15d\" data-v=\"4\" data-block-id=\"c7be15d\"><style>@media screen and (min-width:690px){.stk-c7be15d {flex:var(--stk-flex-grow, 1) 1 calc(59.6% - var(--stk-column-gap, 0px) * 1 \/ 2 ) !important;}}<\/style><div class=\"stk-column-wrapper stk-block-column__content stk-container stk-c7be15d-container stk--no-background stk--no-padding\"><div class=\"stk-block-content stk-inner-blocks stk-c7be15d-inner-blocks\">\n<div class=\"wp-block-stackable-heading stk-block-heading stk-block-heading--v2 stk-block stk-399ed68\" id=\"strong-kontakt-strong\" data-block-id=\"399ed68\"><style>.stk-399ed68 .stk-block-heading__text{color:#fffffe !important;}<\/style><h2 class=\"stk-block-heading__text has-text-color\"><strong>Kontakt<\/strong><\/h2><\/div>\n<\/div><\/div><\/div>\n\n\n\n<div class=\"wp-block-stackable-column stk-block-column stk-column stk-block stk-a5cc7be\" data-v=\"4\" data-block-id=\"a5cc7be\"><style>@media screen and (min-width:690px){.stk-a5cc7be {flex:var(--stk-flex-grow, 1) 1 calc(40.4% - var(--stk-column-gap, 0px) * 1 \/ 2 ) !important;}}<\/style><div class=\"stk-column-wrapper stk-block-column__content stk-container stk-a5cc7be-container stk--no-background stk--no-padding\"><div class=\"stk-block-content stk-inner-blocks stk-a5cc7be-inner-blocks\"><\/div><\/div><\/div>\n<\/div><\/div>\n<\/div><\/div><\/div>\n<\/div><\/div>\n\n\n\n<div class=\"wp-block-stackable-columns aligncenter stk-block-columns stk-block stk-525933b stk-block-background\" data-block-id=\"525933b\"><style>.stk-525933b {background-color:#fffffe !important;padding-top:20px !important;padding-right:20px !important;padding-bottom:20px !important;padding-left:20px !important;margin-top:40px !important;margin-bottom:40px !important;}.stk-525933b:before{background-color:#fffffe !important;}<\/style><div class=\"stk-row stk-inner-blocks stk-block-content stk-content-align stk-525933b-column\">\n<div class=\"wp-block-stackable-column stk-block-column stk-column stk-block stk-45b8aa2\" data-v=\"4\" data-block-id=\"45b8aa2\"><div class=\"stk-column-wrapper stk-block-column__content stk-container stk-45b8aa2-container stk--no-background stk--no-padding\"><div class=\"stk-block-content stk-inner-blocks stk-45b8aa2-inner-blocks\">\n<div class=\"wp-block-stackable-heading stk-block-heading stk-block-heading--v2 stk-block stk-ab7a061\" id=\"strong-rafstar-rafal-redzimski-strong\" data-block-id=\"ab7a061\"><style>.stk-ab7a061 {margin-bottom:15px !important;}<\/style><h2 class=\"stk-block-heading__text\"><strong>RAFSTAR Rafa\u0142 Redzimski<\/strong><\/h2><\/div>\n\n\n\n<div class=\"wp-block-stackable-text stk-block-text stk-block stk-790813e\" data-block-id=\"790813e\"><style>.stk-790813e {margin-bottom:6px !important;}.stk-790813e .stk-block-text__text{font-size:20px !important;}@media screen and (max-width:999px){.stk-790813e .stk-block-text__text{font-size:20px !important;}}<\/style><p class=\"stk-block-text__text\">ul. S\u0142owik\u00f3w 18<\/p><\/div>\n\n\n\n<div class=\"wp-block-stackable-text stk-block-text stk-block stk-69cfddf\" data-block-id=\"69cfddf\"><style>.stk-69cfddf {margin-bottom:6px !important;}.stk-69cfddf .stk-block-text__text{font-size:20px !important;}@media screen and (max-width:999px){.stk-69cfddf .stk-block-text__text{font-size:20px !important;}}<\/style><p class=\"stk-block-text__text\">41-503 Chorz\u00f3w <\/p><\/div>\n\n\n\n<div class=\"wp-block-stackable-text stk-block-text stk-block stk-369f732\" data-block-id=\"369f732\"><style>.stk-369f732 {margin-bottom:5px !important;}.stk-369f732 .stk-block-text__text{font-size:20px !important;}@media screen and (max-width:999px){.stk-369f732 .stk-block-text__text{font-size:20px !important;}}<\/style><p class=\"stk-block-text__text\">Tel: 695 933 163<\/p><\/div>\n\n\n\n<div class=\"wp-block-stackable-text stk-block-text stk-block stk-cedc99b\" data-block-id=\"cedc99b\"><style>.stk-cedc99b {margin-bottom:5px !important;}.stk-cedc99b .stk-block-text__text{font-size:20px !important;}@media screen and (max-width:999px){.stk-cedc99b .stk-block-text__text{font-size:20px !important;}}<\/style><p class=\"stk-block-text__text\">E-mail: <a href=\"mailto:rafstar@onet.pl\">rafstar@onet.pl<\/a><\/p><\/div>\n\n\n\n<div class=\"wp-block-stackable-columns stk-block-columns stk-block stk-4a3c357\" data-block-id=\"4a3c357\"><style>.stk-4a3c357 {margin-top:40px !important;}<\/style><div class=\"stk-row stk-inner-blocks stk-block-content stk-content-align stk-4a3c357-column\">\n<div class=\"wp-block-stackable-column stk-block-column stk-column stk-block stk-01c43d6\" data-v=\"4\" data-block-id=\"01c43d6\"><div class=\"stk-column-wrapper stk-block-column__content stk-container stk-01c43d6-container stk--no-background stk--no-padding\"><div class=\"stk-block-content stk-inner-blocks stk-01c43d6-inner-blocks\">\n<div class=\"wp-block-stackable-image stk-block-image stk-block stk-1c8d1d4\" data-block-id=\"1c8d1d4\"><figure><span class=\"stk-img-wrapper stk-image--shape-stretch\"><img loading=\"lazy\" decoding=\"async\" class=\"stk-img wp-image-27\" src=\"http:\/\/wszystkozestali.pl\/wp-content\/uploads\/2026\/03\/FE_SL_kolor-poziom_br.png\" width=\"2016\" height=\"213\" srcset=\"https:\/\/wszystkozestali.pl\/wp-content\/uploads\/2026\/03\/FE_SL_kolor-poziom_br.png 2016w, https:\/\/wszystkozestali.pl\/wp-content\/uploads\/2026\/03\/FE_SL_kolor-poziom_br-300x32.png 300w, https:\/\/wszystkozestali.pl\/wp-content\/uploads\/2026\/03\/FE_SL_kolor-poziom_br-1024x108.png 1024w, https:\/\/wszystkozestali.pl\/wp-content\/uploads\/2026\/03\/FE_SL_kolor-poziom_br-768x81.png 768w, https:\/\/wszystkozestali.pl\/wp-content\/uploads\/2026\/03\/FE_SL_kolor-poziom_br-1536x162.png 1536w\" sizes=\"auto, (max-width: 2016px) 100vw, 2016px\" \/><\/span><\/figure><\/div>\n<\/div><\/div><\/div>\n<\/div><\/div>\n<\/div><\/div><\/div>\n<\/div><\/div>\n","protected":false},"excerpt":{"rendered":"<p>Kontakt RAFSTAR Rafa\u0142 Redzimski ul. S\u0142owik\u00f3w 18 41-503 Chorz\u00f3w Tel: 695 933 163 E-mail: rafstar@onet.pl<\/p>\n","protected":false},"author":1,"featured_media":0,"parent":0,"menu_order":0,"comment_status":"closed","ping_status":"closed","template":"","meta":{"footnotes":""},"class_list":["post-33","page","type-page","status-publish","hentry"],"blocksy_meta":[],"_links":{"self":[{"href":"https:\/\/wszystkozestali.pl\/index.php\/wp-json\/wp\/v2\/pages\/33","targetHints":{"allow":["GET"]}}],"collection":[{"href":"https:\/\/wszystkozestali.pl\/index.php\/wp-json\/wp\/v2\/pages"}],"about":[{"href":"https:\/\/wszystkozestali.pl\/index.php\/wp-json\/wp\/v2\/types\/page"}],"author":[{"embeddable":true,"href":"https:\/\/wszystkozestali.pl\/index.php\/wp-json\/wp\/v2\/users\/1"}],"replies":[{"embeddable":true,"href":"https:\/\/wszystkozestali.pl\/index.php\/wp-json\/wp\/v2\/comments?post=33"}],"version-history":[{"count":2,"href":"https:\/\/wszystkozestali.pl\/index.php\/wp-json\/wp\/v2\/pages\/33\/revisions"}],"predecessor-version":[{"id":36,"href":"https:\/\/wszystkozestali.pl\/index.php\/wp-json\/wp\/v2\/pages\/33\/revisions\/36"}],"wp:attachment":[{"href":"https:\/\/wszystkozestali.pl\/index.php\/wp-json\/wp\/v2\/media?parent=33"}],"curies":[{"name":"wp","href":"https:\/\/api.w.org\/{rel}","templated":true}]}}